{"id":10,"date":"2024-11-05T16:41:44","date_gmt":"2024-11-05T16:41:44","guid":{"rendered":"https:\/\/myjniabajkowa.pl\/?page_id=10"},"modified":"2024-11-15T14:37:54","modified_gmt":"2024-11-15T14:37:54","slug":"strona-glowna","status":"publish","type":"page","link":"https:\/\/myjniabajkowa.pl\/","title":{"rendered":"Strona G\u0142\u00f3wna"},"content":{"rendered":"","protected":false},"excerpt":{"rendered":"","protected":false},"author":2,"featured_media":0,"parent":0,"menu_order":0,"comment_status":"closed","ping_status":"closed","template":"","meta":{"inline_featured_image":false,"footnotes":""},"class_list":["post-10","page","type-page","status-publish","hentry"],"yoast_head":"<!-- This site is optimized with the Yoast SEO Premium plugin v23.8 (Yoast SEO v25.6) - https:\/\/yoast.com\/wordpress\/plugins\/seo\/ -->\n<title>Myjnia Bajkowa Bezdotykowa w Olsztynie - 24\/7<\/title>\n<meta name=\"description\" content=\"Jedna z najstarszych myjni bezdotykowych w Olsztynie. Dost\u0119pna 24\/7 po przeprowadzonym remoncie, posiadaj\u0105ca liczne funkcje.\" \/>\n<meta name=\"robots\" content=\"index, follow, max-snippet:-1, max-image-preview:large, max-video-preview:-1\" \/>\n<link rel=\"canonical\" href=\"https:\/\/myjniabajkowa.pl\/\" \/>\n<meta property=\"og:locale\" content=\"pl_PL\" \/>\n<meta property=\"og:type\" content=\"article\" \/>\n<meta property=\"og:title\" content=\"Strona G\u0142\u00f3wna\" \/>\n<meta property=\"og:description\" content=\"Jedna z najstarszych myjni bezdotykowych w Olsztynie. Dost\u0119pna 24\/7 po przeprowadzonym remoncie, posiadaj\u0105ca liczne funkcje.\" \/>\n<meta property=\"og:url\" content=\"https:\/\/myjniabajkowa.pl\/\" \/>\n<meta property=\"og:site_name\" content=\"Myjnia Bajkowa\" \/>\n<meta property=\"article:publisher\" content=\"https:\/\/www.facebook.com\/myjniabajkowa.wolsztynie\" \/>\n<meta property=\"article:modified_time\" content=\"2024-11-15T14:37:54+00:00\" \/>\n<meta property=\"og:image\" content=\"https:\/\/myjniabajkowa.pl\/wp-content\/uploads\/2024\/11\/Frame-5.png\" \/>\n\t<meta property=\"og:image:width\" content=\"1200\" \/>\n\t<meta property=\"og:image:height\" content=\"675\" \/>\n\t<meta property=\"og:image:type\" content=\"image\/png\" \/>\n<meta name=\"twitter:card\" content=\"summary_large_image\" \/>\n<meta name=\"twitter:label1\" content=\"Est. reading time\" \/>\n\t<meta name=\"twitter:data1\" content=\"7 minut\" \/>\n<script type=\"application\/ld+json\" class=\"yoast-schema-graph\">{\"@context\":\"https:\/\/schema.org\",\"@graph\":[{\"@type\":\"WebPage\",\"@id\":\"https:\/\/myjniabajkowa.pl\/\",\"url\":\"https:\/\/myjniabajkowa.pl\/\",\"name\":\"Myjnia Bajkowa Bezdotykowa w Olsztynie - 24\/7\",\"isPartOf\":{\"@id\":\"https:\/\/myjniabajkowa.pl\/#website\"},\"datePublished\":\"2024-11-05T16:41:44+00:00\",\"dateModified\":\"2024-11-15T14:37:54+00:00\",\"description\":\"Jedna z najstarszych myjni bezdotykowych w Olsztynie. Dost\u0119pna 24\/7 po przeprowadzonym remoncie, posiadaj\u0105ca liczne funkcje.\",\"breadcrumb\":{\"@id\":\"https:\/\/myjniabajkowa.pl\/#breadcrumb\"},\"inLanguage\":\"pl-PL\",\"potentialAction\":[{\"@type\":\"ReadAction\",\"target\":[\"https:\/\/myjniabajkowa.pl\/\"]}]},{\"@type\":\"BreadcrumbList\",\"@id\":\"https:\/\/myjniabajkowa.pl\/#breadcrumb\",\"itemListElement\":[{\"@type\":\"ListItem\",\"position\":1,\"name\":\"Home\",\"item\":\"https:\/\/myjniabajkowa.pl\/\"},{\"@type\":\"ListItem\",\"position\":2,\"name\":\"Strona G\u0142\u00f3wna\"}]},{\"@type\":\"WebSite\",\"@id\":\"https:\/\/myjniabajkowa.pl\/#website\",\"url\":\"https:\/\/myjniabajkowa.pl\/\",\"name\":\"Myjnia Bajkowa\",\"description\":\"Najlepsza myjnia bezdotykowa w Olsztynie\",\"alternateName\":\"Myjnia Bezdotykowa Bajkowa\",\"potentialAction\":[{\"@type\":\"SearchAction\",\"target\":{\"@type\":\"EntryPoint\",\"urlTemplate\":\"https:\/\/myjniabajkowa.pl\/?s={search_term_string}\"},\"query-input\":{\"@type\":\"PropertyValueSpecification\",\"valueRequired\":true,\"valueName\":\"search_term_string\"}}],\"inLanguage\":\"pl-PL\"}]}<\/script>\n<!-- \/ Yoast SEO Premium plugin. -->","yoast_head_json":{"title":"Myjnia Bajkowa Bezdotykowa w Olsztynie - 24\/7","description":"Jedna z najstarszych myjni bezdotykowych w Olsztynie. Dost\u0119pna 24\/7 po przeprowadzonym remoncie, posiadaj\u0105ca liczne funkcje.","robots":{"index":"index","follow":"follow","max-snippet":"max-snippet:-1","max-image-preview":"max-image-preview:large","max-video-preview":"max-video-preview:-1"},"canonical":"https:\/\/myjniabajkowa.pl\/","og_locale":"pl_PL","og_type":"article","og_title":"Strona G\u0142\u00f3wna","og_description":"Jedna z najstarszych myjni bezdotykowych w Olsztynie. Dost\u0119pna 24\/7 po przeprowadzonym remoncie, posiadaj\u0105ca liczne funkcje.","og_url":"https:\/\/myjniabajkowa.pl\/","og_site_name":"Myjnia Bajkowa","article_publisher":"https:\/\/www.facebook.com\/myjniabajkowa.wolsztynie","article_modified_time":"2024-11-15T14:37:54+00:00","og_image":[{"width":1200,"height":675,"url":"https:\/\/myjniabajkowa.pl\/wp-content\/uploads\/2024\/11\/Frame-5.png","type":"image\/png"}],"twitter_card":"summary_large_image","twitter_misc":{"Est. reading time":"7 minut"},"schema":{"@context":"https:\/\/schema.org","@graph":[{"@type":"WebPage","@id":"https:\/\/myjniabajkowa.pl\/","url":"https:\/\/myjniabajkowa.pl\/","name":"Myjnia Bajkowa Bezdotykowa w Olsztynie - 24\/7","isPartOf":{"@id":"https:\/\/myjniabajkowa.pl\/#website"},"datePublished":"2024-11-05T16:41:44+00:00","dateModified":"2024-11-15T14:37:54+00:00","description":"Jedna z najstarszych myjni bezdotykowych w Olsztynie. Dost\u0119pna 24\/7 po przeprowadzonym remoncie, posiadaj\u0105ca liczne funkcje.","breadcrumb":{"@id":"https:\/\/myjniabajkowa.pl\/#breadcrumb"},"inLanguage":"pl-PL","potentialAction":[{"@type":"ReadAction","target":["https:\/\/myjniabajkowa.pl\/"]}]},{"@type":"BreadcrumbList","@id":"https:\/\/myjniabajkowa.pl\/#breadcrumb","itemListElement":[{"@type":"ListItem","position":1,"name":"Home","item":"https:\/\/myjniabajkowa.pl\/"},{"@type":"ListItem","position":2,"name":"Strona G\u0142\u00f3wna"}]},{"@type":"WebSite","@id":"https:\/\/myjniabajkowa.pl\/#website","url":"https:\/\/myjniabajkowa.pl\/","name":"Myjnia Bajkowa","description":"Najlepsza myjnia bezdotykowa w Olsztynie","alternateName":"Myjnia Bezdotykowa Bajkowa","potentialAction":[{"@type":"SearchAction","target":{"@type":"EntryPoint","urlTemplate":"https:\/\/myjniabajkowa.pl\/?s={search_term_string}"},"query-input":{"@type":"PropertyValueSpecification","valueRequired":true,"valueName":"search_term_string"}}],"inLanguage":"pl-PL"}]}},"_links":{"self":[{"href":"https:\/\/myjniabajkowa.pl\/index.php\/wp-json\/wp\/v2\/pages\/10"}],"collection":[{"href":"https:\/\/myjniabajkowa.pl\/index.php\/wp-json\/wp\/v2\/pages"}],"about":[{"href":"https:\/\/myjniabajkowa.pl\/index.php\/wp-json\/wp\/v2\/types\/page"}],"author":[{"embeddable":true,"href":"https:\/\/myjniabajkowa.pl\/index.php\/wp-json\/wp\/v2\/users\/2"}],"replies":[{"embeddable":true,"href":"https:\/\/myjniabajkowa.pl\/index.php\/wp-json\/wp\/v2\/comments?post=10"}],"version-history":[{"count":1,"href":"https:\/\/myjniabajkowa.pl\/index.php\/wp-json\/wp\/v2\/pages\/10\/revisions"}],"predecessor-version":[{"id":11,"href":"https:\/\/myjniabajkowa.pl\/index.php\/wp-json\/wp\/v2\/pages\/10\/revisions\/11"}],"wp:attachment":[{"href":"https:\/\/myjniabajkowa.pl\/index.php\/wp-json\/wp\/v2\/media?parent=10"}],"curies":[{"name":"wp","href":"https:\/\/api.w.org\/{rel}","templated":true}]}}